{"id":2434,"date":"2022-05-31T07:04:41","date_gmt":"2022-05-31T07:04:41","guid":{"rendered":"http:\/\/localhost\/theme_powerlegal\/?page_id=2434"},"modified":"2025-01-02T20:14:27","modified_gmt":"2025-01-02T20:14:27","slug":"servicios","status":"publish","type":"page","link":"https:\/\/ollostudio.io\/inicio\/servicios\/","title":{"rendered":"Servicios"},"content":{"rendered":"\t\t<div data-elementor-type=\"wp-page\" data-elementor-id=\"2434\" class=\"elementor elementor-2434\">\n\t\t\t\t        <section class=\"elementor-section elementor-top-section elementor-element elementor-element-4058635 elementor-section-boxed elementor-section-height-default elementor-section-height-default pxl-shape-divider-none\" data-id=\"4058635\" data-element_type=\"section\" data-e-type=\"section\">\n\n                \n                <div class=\"elementor-container elementor-column-gap-default \">\n                <div class=\"elementor-column elementor-col-100 elementor-top-column elementor-element elementor-element-2f36790 pxl-column-element-default\" data-id=\"2f36790\" data-element_type=\"column\" data-e-type=\"column\">\r\n        <div class=\"elementor-widget-wrap elementor-element-populated\">\r\n                    \t\t<div class=\"elementor-element elementor-element-7427ad5 pxl-heading-layout-1 elementor-widget elementor-widget-pxl_heading\" data-id=\"7427ad5\" data-element_type=\"widget\" data-e-type=\"widget\" data-widget_type=\"pxl_heading.default\">\n\t\t\t\t<div class=\"elementor-widget-container\">\n\t\t\t\t\t<div class=\"pxl-heading-wrap d-flex layout1\">\n    <div class=\"pxl-heading-inner center\">\n                    <div class=\"heading-subtitle\">\n                <span>SOBRE NUESTRA ACTIVIDAD <\/span>\n            <\/div>\n        \n        <h2 class=\"heading-title\">\n            <span >\n                SERVICIOS QUE OFRECEMOS            <\/span>\n                    <\/h2>\n\n            <\/div>\n<\/div>\n\n\t\t\t\t<\/div>\n\t\t\t\t<\/div>\n\t\t\t\t<div class=\"elementor-element elementor-element-de40d24 elementor-widget elementor-widget-pxl_text_editor\" data-id=\"de40d24\" data-element_type=\"widget\" data-e-type=\"widget\" data-widget_type=\"pxl_text_editor.default\">\n\t\t\t\t<div class=\"elementor-widget-container\">\n\t\t\t\t\t<div id=\"pxl_text_editor-de40d24-9945\" class=\"pxl-text-editor-wrap d-flex\" >\n\t<div class=\"pxl-text-editor elementor-clearfix\">\n        <p>Nuestro compromiso inquebrantable con la excelencia nos impulsa a innovar constantemente, asegur\u00e1ndonos de ofrecer un servicio y una representaci\u00f3n que destacan sobre el resto.<\/p>\t<\/div>\n<\/div>\t\t\t\t<\/div>\n\t\t\t\t<\/div>\n\t\t\t\t<div class=\"elementor-element elementor-element-21be787 elementor-widget-divider--view-line elementor-widget elementor-widget-divider\" data-id=\"21be787\" data-element_type=\"widget\" data-e-type=\"widget\" data-widget_type=\"divider.default\">\n\t\t\t\t<div class=\"elementor-widget-container\">\n\t\t\t\t\t\t\t<div class=\"elementor-divider\">\n\t\t\t<span class=\"elementor-divider-separator\">\n\t\t\t\t\t\t<\/span>\n\t\t<\/div>\n\t\t\t\t\t\t<\/div>\n\t\t\t\t<\/div>\n\t\t                    <\/div>\r\n        <\/div>\r\n        \t\t\t<\/div>\n\t\t<\/section>\n\t\t        <section class=\"elementor-section elementor-top-section elementor-element elementor-element-326a7b6 elementor-section-boxed elementor-section-height-default elementor-section-height-default pxl-shape-divider-none\" data-id=\"326a7b6\" data-element_type=\"section\" data-e-type=\"section\">\n\n                \n                <div class=\"elementor-container elementor-column-gap-default \">\n                <div class=\"elementor-column elementor-col-100 elementor-top-column elementor-element elementor-element-00f87e5 pxl-column-element-default\" data-id=\"00f87e5\" data-element_type=\"column\" data-e-type=\"column\">\r\n        <div class=\"elementor-widget-wrap elementor-element-populated\">\r\n                    \t\t<div class=\"elementor-element elementor-element-34f7206 e-transform elementor-widget elementor-widget-pxl_post_grid\" data-id=\"34f7206\" data-element_type=\"widget\" data-e-type=\"widget\" data-settings=\"{&quot;_transform_skewX_effect_hover&quot;:{&quot;unit&quot;:&quot;px&quot;,&quot;size&quot;:&quot;&quot;,&quot;sizes&quot;:[]},&quot;_transform_skewX_effect_hover_laptop&quot;:{&quot;unit&quot;:&quot;deg&quot;,&quot;size&quot;:&quot;&quot;,&quot;sizes&quot;:[]},&quot;_transform_skewX_effect_hover_tablet_extra&quot;:{&quot;unit&quot;:&quot;deg&quot;,&quot;size&quot;:&quot;&quot;,&quot;sizes&quot;:[]},&quot;_transform_skewX_effect_hover_tablet&quot;:{&quot;unit&quot;:&quot;deg&quot;,&quot;size&quot;:&quot;&quot;,&quot;sizes&quot;:[]},&quot;_transform_skewX_effect_hover_mobile_extra&quot;:{&quot;unit&quot;:&quot;deg&quot;,&quot;size&quot;:&quot;&quot;,&quot;sizes&quot;:[]},&quot;_transform_skewX_effect_hover_mobile&quot;:{&quot;unit&quot;:&quot;deg&quot;,&quot;size&quot;:&quot;&quot;,&quot;sizes&quot;:[]},&quot;_transform_skewY_effect_hover&quot;:{&quot;unit&quot;:&quot;px&quot;,&quot;size&quot;:&quot;&quot;,&quot;sizes&quot;:[]},&quot;_transform_skewY_effect_hover_laptop&quot;:{&quot;unit&quot;:&quot;deg&quot;,&quot;size&quot;:&quot;&quot;,&quot;sizes&quot;:[]},&quot;_transform_skewY_effect_hover_tablet_extra&quot;:{&quot;unit&quot;:&quot;deg&quot;,&quot;size&quot;:&quot;&quot;,&quot;sizes&quot;:[]},&quot;_transform_skewY_effect_hover_tablet&quot;:{&quot;unit&quot;:&quot;deg&quot;,&quot;size&quot;:&quot;&quot;,&quot;sizes&quot;:[]},&quot;_transform_skewY_effect_hover_mobile_extra&quot;:{&quot;unit&quot;:&quot;deg&quot;,&quot;size&quot;:&quot;&quot;,&quot;sizes&quot;:[]},&quot;_transform_skewY_effect_hover_mobile&quot;:{&quot;unit&quot;:&quot;deg&quot;,&quot;size&quot;:&quot;&quot;,&quot;sizes&quot;:[]}}\" data-widget_type=\"pxl_post_grid.default\">\n\t\t\t\t<div class=\"elementor-widget-container\">\n\t\t\t\t\t\r\n<div id=\"pxl_post_grid-34f7206-7602\" class=\"pxl-grid pxl-practice-area-grid layout-pxl-practice-area-1\" data-layout-mode=\"masonry\" data-start-page=\"1\" data-max-pages=\"1\" data-total=\"6\" data-perpage=\"6\" data-next-link=\"\">\r\n    <div class=\"pxl-grid-overlay\"><\/div>\r\n            <div class=\"grid-filter-wrap d-flex center\">\r\n            <span class=\"filter-item active\" data-filter=\"*\">Todos los servicios<\/span>\r\n                    <\/div>\r\n    \r\n    <div class=\"pxl-grid-inner pxl-grid-masonry row relative overflow-hidden animation-time\"> \r\n                <div class=\"grid-item col-xxl-6 col-xl-6 col-lg-4 col-md-6 col-sm-12 col-12  \" >\n            <div class=\"grid-item-inner cross-hover\">\n                <div class=\"item-content\">\n                    <div class=\"content-inner\">\n                        <h4 class=\"item-title\"><a href=\"https:\/\/ollostudio.io\/inicio\/practice-area\/diseno-web\/\">Dise\u00f1o Web<\/a><\/h4>\n                                                                            <div class=\"item-excerpt\">\n                                Creamos sitios web funcionales y visualmente atractivos que conectan con tu audiencia y reflejan la esencia de tu marca.                            <\/div>\n                                                                            <div class=\"item-readmore pxl-button-wrapper\">\n                                <a class=\"btn-more\" href=\"https:\/\/ollostudio.io\/inicio\/practice-area\/diseno-web\/\">\n                                    <span>SABER M\u00c1S<\/span>\n                                    <i class=\"zmdi zmdi-long-arrow-right\"><\/i>\n                                <\/a>\n                            <\/div>\n                                            <\/div>\n                <\/div>\n            <\/div>\n        <\/div>\n            <div class=\"grid-item col-xxl-6 col-xl-6 col-lg-4 col-md-6 col-sm-12 col-12  \" >\n            <div class=\"grid-item-inner cross-hover\">\n                <div class=\"item-content\">\n                    <div class=\"content-inner\">\n                        <h4 class=\"item-title\"><a href=\"https:\/\/ollostudio.io\/inicio\/practice-area\/diseno-de-producto\/\">Dise\u00f1o de Producto<\/a><\/h4>\n                                                                            <div class=\"item-excerpt\">\n                                Transformamos tus ideas en productos digitales intuitivos y centrados en la experiencia del usuario.                            <\/div>\n                                                                            <div class=\"item-readmore pxl-button-wrapper\">\n                                <a class=\"btn-more\" href=\"https:\/\/ollostudio.io\/inicio\/practice-area\/diseno-de-producto\/\">\n                                    <span>SABER M\u00c1S<\/span>\n                                    <i class=\"zmdi zmdi-long-arrow-right\"><\/i>\n                                <\/a>\n                            <\/div>\n                                            <\/div>\n                <\/div>\n            <\/div>\n        <\/div>\n            <div class=\"grid-item col-xxl-6 col-xl-6 col-lg-4 col-md-6 col-sm-12 col-12  \" >\n            <div class=\"grid-item-inner cross-hover\">\n                <div class=\"item-content\">\n                    <div class=\"content-inner\">\n                        <h4 class=\"item-title\"><a href=\"https:\/\/ollostudio.io\/inicio\/practice-area\/branding\/\">Branding<\/a><\/h4>\n                                                                            <div class=\"item-excerpt\">\n                                Construimos identidades visuales \u00fanicas que representan los valores y la visi\u00f3n de tu empresa.                            <\/div>\n                                                                            <div class=\"item-readmore pxl-button-wrapper\">\n                                <a class=\"btn-more\" href=\"https:\/\/ollostudio.io\/inicio\/practice-area\/branding\/\">\n                                    <span>SABER M\u00c1S<\/span>\n                                    <i class=\"zmdi zmdi-long-arrow-right\"><\/i>\n                                <\/a>\n                            <\/div>\n                                            <\/div>\n                <\/div>\n            <\/div>\n        <\/div>\n            <div class=\"grid-item col-xxl-6 col-xl-6 col-lg-4 col-md-6 col-sm-12 col-12  \" >\n            <div class=\"grid-item-inner cross-hover\">\n                <div class=\"item-content\">\n                    <div class=\"content-inner\">\n                        <h4 class=\"item-title\"><a href=\"https:\/\/ollostudio.io\/inicio\/practice-area\/sistemas-de-diseno\/\">Sistemas de Dise\u00f1o<\/a><\/h4>\n                                                                            <div class=\"item-excerpt\">\n                                Establecemos gu\u00edas visuales y componentes consistentes para garantizar una experiencia de usuario coherente.                            <\/div>\n                                                                            <div class=\"item-readmore pxl-button-wrapper\">\n                                <a class=\"btn-more\" href=\"https:\/\/ollostudio.io\/inicio\/practice-area\/sistemas-de-diseno\/\">\n                                    <span>SABER M\u00c1S<\/span>\n                                    <i class=\"zmdi zmdi-long-arrow-right\"><\/i>\n                                <\/a>\n                            <\/div>\n                                            <\/div>\n                <\/div>\n            <\/div>\n        <\/div>\n            <div class=\"grid-item col-xxl-6 col-xl-6 col-lg-4 col-md-6 col-sm-12 col-12  \" >\n            <div class=\"grid-item-inner cross-hover\">\n                <div class=\"item-content\">\n                    <div class=\"content-inner\">\n                        <h4 class=\"item-title\"><a href=\"https:\/\/ollostudio.io\/inicio\/practice-area\/motion-lottie\/\">Motion &#038; Lottie<\/a><\/h4>\n                                                                            <div class=\"item-excerpt\">\n                                A\u00f1adimos animaciones din\u00e1micas y elementos interactivos para hacer tu contenido m\u00e1s atractivo y memorable                            <\/div>\n                                                                            <div class=\"item-readmore pxl-button-wrapper\">\n                                <a class=\"btn-more\" href=\"https:\/\/ollostudio.io\/inicio\/practice-area\/motion-lottie\/\">\n                                    <span>SABER M\u00c1S<\/span>\n                                    <i class=\"zmdi zmdi-long-arrow-right\"><\/i>\n                                <\/a>\n                            <\/div>\n                                            <\/div>\n                <\/div>\n            <\/div>\n        <\/div>\n            <div class=\"grid-item col-xxl-6 col-xl-6 col-lg-4 col-md-6 col-sm-12 col-12  \" >\n            <div class=\"grid-item-inner cross-hover\">\n                <div class=\"item-content\">\n                    <div class=\"content-inner\">\n                        <h4 class=\"item-title\"><a href=\"https:\/\/ollostudio.io\/inicio\/practice-area\/pitch-decks\/\">Pitch Decks<\/a><\/h4>\n                                                                            <div class=\"item-excerpt\">\n                                Dise\u00f1amos presentaciones profesionales que cuentan tu historia y captan la atenci\u00f3n de tus inversores o clientes                            <\/div>\n                                                                            <div class=\"item-readmore pxl-button-wrapper\">\n                                <a class=\"btn-more\" href=\"https:\/\/ollostudio.io\/inicio\/practice-area\/pitch-decks\/\">\n                                    <span>SABER M\u00c1S<\/span>\n                                    <i class=\"zmdi zmdi-long-arrow-right\"><\/i>\n                                <\/a>\n                            <\/div>\n                                            <\/div>\n                <\/div>\n            <\/div>\n        <\/div>\n    <div class=\"grid-sizer grid-item col-xxl-6 col-xl-6 col-lg-4 col-md-6 col-sm-12 col-12\"><\/div>    <\/div>\r\n    \r\n\r\n        <\/div>\t\t\t\t<\/div>\n\t\t\t\t<\/div>\n\t\t                    <\/div>\r\n        <\/div>\r\n        \t\t\t<\/div>\n\t\t<\/section>\n\t\t        <section class=\"elementor-section elementor-top-section elementor-element elementor-element-1d0d017 elementor-section-boxed elementor-section-height-default elementor-section-height-default pxl-shape-divider-none\" data-id=\"1d0d017\" data-element_type=\"section\" data-e-type=\"section\">\n\n                \n                <div class=\"elementor-container elementor-column-gap-default \">\n                <div class=\"elementor-column elementor-col-100 elementor-top-column elementor-element elementor-element-7916d7a pxl-column-element-default\" data-id=\"7916d7a\" data-element_type=\"column\" data-e-type=\"column\">\r\n        <div class=\"elementor-widget-wrap\">\r\n                                        <\/div>\r\n        <\/div>\r\n        \t\t\t<\/div>\n\t\t<\/section>\n\t\t\t\t<\/div>\n\t\t","protected":false},"excerpt":{"rendered":"<p>SOBRE NUESTRA ACTIVIDAD SERVICIOS QUE OFRECEMOS Nuestro compromiso inquebrantable con la excelencia nos impulsa a innovar constantemente, asegur\u00e1ndonos de ofrecer un servicio y una representaci\u00f3n que destacan sobre el resto. Todos los servicios Dise\u00f1o Web Creamos sitios web funcionales y visualmente atractivos que conectan con tu audiencia y reflejan la esencia de tu marca. SABER [&hellip;]<\/p>\n","protected":false},"author":1,"featured_media":0,"parent":0,"menu_order":0,"comment_status":"closed","ping_status":"closed","template":"","meta":{"footnotes":""},"class_list":["post-2434","page","type-page","status-publish","hentry"],"yoast_head":"<!-- This site is optimized with the Yoast SEO plugin v24.0 - https:\/\/yoast.com\/wordpress\/plugins\/seo\/ -->\n<title>Servicios - ollostudio<\/title>\n<meta name=\"robots\" content=\"index, follow, max-snippet:-1, max-image-preview:large, max-video-preview:-1\" \/>\n<link rel=\"canonical\" href=\"https:\/\/ollostudio.io\/inicio\/servicios\/\" \/>\n<meta property=\"og:locale\" content=\"es_ES\" \/>\n<meta property=\"og:type\" content=\"article\" \/>\n<meta property=\"og:title\" content=\"Servicios - ollostudio\" \/>\n<meta property=\"og:description\" content=\"SOBRE NUESTRA ACTIVIDAD SERVICIOS QUE OFRECEMOS Nuestro compromiso inquebrantable con la excelencia nos impulsa a innovar constantemente, asegur\u00e1ndonos de ofrecer un servicio y una representaci\u00f3n que destacan sobre el resto. Todos los servicios Dise\u00f1o Web Creamos sitios web funcionales y visualmente atractivos que conectan con tu audiencia y reflejan la esencia de tu marca. SABER [&hellip;]\" \/>\n<meta property=\"og:url\" content=\"https:\/\/ollostudio.io\/inicio\/servicios\/\" \/>\n<meta property=\"og:site_name\" content=\"ollostudio\" \/>\n<meta property=\"article:modified_time\" content=\"2025-01-02T20:14:27+00:00\" \/>\n<meta name=\"twitter:card\" content=\"summary_large_image\" \/>\n<meta name=\"twitter:label1\" content=\"Tiempo de lectura\" \/>\n\t<meta name=\"twitter:data1\" content=\"1 minuto\" \/>\n<script type=\"application\/ld+json\" class=\"yoast-schema-graph\">{\"@context\":\"https:\/\/schema.org\",\"@graph\":[{\"@type\":\"WebPage\",\"@id\":\"https:\/\/ollostudio.io\/inicio\/servicios\/\",\"url\":\"https:\/\/ollostudio.io\/inicio\/servicios\/\",\"name\":\"Servicios - ollostudio\",\"isPartOf\":{\"@id\":\"https:\/\/ollostudio.io\/inicio\/#website\"},\"datePublished\":\"2022-05-31T07:04:41+00:00\",\"dateModified\":\"2025-01-02T20:14:27+00:00\",\"breadcrumb\":{\"@id\":\"https:\/\/ollostudio.io\/inicio\/servicios\/#breadcrumb\"},\"inLanguage\":\"es\",\"potentialAction\":[{\"@type\":\"ReadAction\",\"target\":[\"https:\/\/ollostudio.io\/inicio\/servicios\/\"]}]},{\"@type\":\"BreadcrumbList\",\"@id\":\"https:\/\/ollostudio.io\/inicio\/servicios\/#breadcrumb\",\"itemListElement\":[{\"@type\":\"ListItem\",\"position\":1,\"name\":\"Home\",\"item\":\"https:\/\/ollostudio.io\/inicio\/\"},{\"@type\":\"ListItem\",\"position\":2,\"name\":\"Servicios\"}]},{\"@type\":\"WebSite\",\"@id\":\"https:\/\/ollostudio.io\/inicio\/#website\",\"url\":\"https:\/\/ollostudio.io\/inicio\/\",\"name\":\"ollostudio\",\"description\":\"Empresa tecnol\u00f3gica de servicios para clientes\",\"publisher\":{\"@id\":\"https:\/\/ollostudio.io\/inicio\/#organization\"},\"potentialAction\":[{\"@type\":\"SearchAction\",\"target\":{\"@type\":\"EntryPoint\",\"urlTemplate\":\"https:\/\/ollostudio.io\/inicio\/?s={search_term_string}\"},\"query-input\":{\"@type\":\"PropertyValueSpecification\",\"valueRequired\":true,\"valueName\":\"search_term_string\"}}],\"inLanguage\":\"es\"},{\"@type\":\"Organization\",\"@id\":\"https:\/\/ollostudio.io\/inicio\/#organization\",\"name\":\"ollostudio\",\"url\":\"https:\/\/ollostudio.io\/inicio\/\",\"logo\":{\"@type\":\"ImageObject\",\"inLanguage\":\"es\",\"@id\":\"https:\/\/ollostudio.io\/inicio\/#\/schema\/logo\/image\/\",\"url\":\"https:\/\/ollostudio.io\/wp-content\/uploads\/2024\/12\/ollo-1.png\",\"contentUrl\":\"https:\/\/ollostudio.io\/wp-content\/uploads\/2024\/12\/ollo-1.png\",\"width\":2422,\"height\":1940,\"caption\":\"ollostudio\"},\"image\":{\"@id\":\"https:\/\/ollostudio.io\/inicio\/#\/schema\/logo\/image\/\"}}]}<\/script>\n<!-- \/ Yoast SEO plugin. -->","yoast_head_json":{"title":"Servicios - ollostudio","robots":{"index":"index","follow":"follow","max-snippet":"max-snippet:-1","max-image-preview":"max-image-preview:large","max-video-preview":"max-video-preview:-1"},"canonical":"https:\/\/ollostudio.io\/inicio\/servicios\/","og_locale":"es_ES","og_type":"article","og_title":"Servicios - ollostudio","og_description":"SOBRE NUESTRA ACTIVIDAD SERVICIOS QUE OFRECEMOS Nuestro compromiso inquebrantable con la excelencia nos impulsa a innovar constantemente, asegur\u00e1ndonos de ofrecer un servicio y una representaci\u00f3n que destacan sobre el resto. Todos los servicios Dise\u00f1o Web Creamos sitios web funcionales y visualmente atractivos que conectan con tu audiencia y reflejan la esencia de tu marca. SABER [&hellip;]","og_url":"https:\/\/ollostudio.io\/inicio\/servicios\/","og_site_name":"ollostudio","article_modified_time":"2025-01-02T20:14:27+00:00","twitter_card":"summary_large_image","twitter_misc":{"Tiempo de lectura":"1 minuto"},"schema":{"@context":"https:\/\/schema.org","@graph":[{"@type":"WebPage","@id":"https:\/\/ollostudio.io\/inicio\/servicios\/","url":"https:\/\/ollostudio.io\/inicio\/servicios\/","name":"Servicios - ollostudio","isPartOf":{"@id":"https:\/\/ollostudio.io\/inicio\/#website"},"datePublished":"2022-05-31T07:04:41+00:00","dateModified":"2025-01-02T20:14:27+00:00","breadcrumb":{"@id":"https:\/\/ollostudio.io\/inicio\/servicios\/#breadcrumb"},"inLanguage":"es","potentialAction":[{"@type":"ReadAction","target":["https:\/\/ollostudio.io\/inicio\/servicios\/"]}]},{"@type":"BreadcrumbList","@id":"https:\/\/ollostudio.io\/inicio\/servicios\/#breadcrumb","itemListElement":[{"@type":"ListItem","position":1,"name":"Home","item":"https:\/\/ollostudio.io\/inicio\/"},{"@type":"ListItem","position":2,"name":"Servicios"}]},{"@type":"WebSite","@id":"https:\/\/ollostudio.io\/inicio\/#website","url":"https:\/\/ollostudio.io\/inicio\/","name":"ollostudio","description":"Empresa tecnol\u00f3gica de servicios para clientes","publisher":{"@id":"https:\/\/ollostudio.io\/inicio\/#organization"},"potentialAction":[{"@type":"SearchAction","target":{"@type":"EntryPoint","urlTemplate":"https:\/\/ollostudio.io\/inicio\/?s={search_term_string}"},"query-input":{"@type":"PropertyValueSpecification","valueRequired":true,"valueName":"search_term_string"}}],"inLanguage":"es"},{"@type":"Organization","@id":"https:\/\/ollostudio.io\/inicio\/#organization","name":"ollostudio","url":"https:\/\/ollostudio.io\/inicio\/","logo":{"@type":"ImageObject","inLanguage":"es","@id":"https:\/\/ollostudio.io\/inicio\/#\/schema\/logo\/image\/","url":"https:\/\/ollostudio.io\/wp-content\/uploads\/2024\/12\/ollo-1.png","contentUrl":"https:\/\/ollostudio.io\/wp-content\/uploads\/2024\/12\/ollo-1.png","width":2422,"height":1940,"caption":"ollostudio"},"image":{"@id":"https:\/\/ollostudio.io\/inicio\/#\/schema\/logo\/image\/"}}]}},"_links":{"self":[{"href":"https:\/\/ollostudio.io\/inicio\/wp-json\/wp\/v2\/pages\/2434","targetHints":{"allow":["GET"]}}],"collection":[{"href":"https:\/\/ollostudio.io\/inicio\/wp-json\/wp\/v2\/pages"}],"about":[{"href":"https:\/\/ollostudio.io\/inicio\/wp-json\/wp\/v2\/types\/page"}],"author":[{"embeddable":true,"href":"https:\/\/ollostudio.io\/inicio\/wp-json\/wp\/v2\/users\/1"}],"replies":[{"embeddable":true,"href":"https:\/\/ollostudio.io\/inicio\/wp-json\/wp\/v2\/comments?post=2434"}],"version-history":[{"count":47,"href":"https:\/\/ollostudio.io\/inicio\/wp-json\/wp\/v2\/pages\/2434\/revisions"}],"predecessor-version":[{"id":11322,"href":"https:\/\/ollostudio.io\/inicio\/wp-json\/wp\/v2\/pages\/2434\/revisions\/11322"}],"wp:attachment":[{"href":"https:\/\/ollostudio.io\/inicio\/wp-json\/wp\/v2\/media?parent=2434"}],"curies":[{"name":"wp","href":"https:\/\/api.w.org\/{rel}","templated":true}]}}